{"id":1963,"date":"2025-08-30T13:35:22","date_gmt":"2025-08-30T13:35:22","guid":{"rendered":"https:\/\/trbuljaklaw.hr\/?page_id=1963"},"modified":"2026-01-28T21:40:19","modified_gmt":"2026-01-28T21:40:19","slug":"radno-upravno-i-nasljedno-pravo","status":"publish","type":"page","link":"https:\/\/trbuljaklaw.hr\/en\/radno-upravno-i-nasljedno-pravo\/","title":{"rendered":"Labor, administrative and inheritance law"},"content":{"rendered":"<div data-elementor-type=\"wp-page\" data-elementor-id=\"1963\" class=\"elementor elementor-1963\">\n\t\t\t\t<div class=\"elementor-element elementor-element-804044d e-flex e-con-boxed e-con e-parent\" data-id=\"804044d\" data-element_type=\"container\">\n\t\t\t\t\t<div class=\"e-con-inner\">\n\t\t\t\t<div class=\"elementor-element elementor-element-0ad74ed elementor-widget elementor-widget-heading\" data-id=\"0ad74ed\" data-element_type=\"widget\" data-widget_type=\"heading.default\">\n\t\t\t\t<div class=\"elementor-widget-container\">\n\t\t\t\t\t<h2 class=\"elementor-heading-title elementor-size-default\">Labor, administrative and inheritance law<\/h2>\t\t\t\t<\/div>\n\t\t\t\t<\/div>\n\t\t\t\t<div class=\"elementor-element elementor-element-ad47f4d elementor-widget-divider--view-line elementor-widget elementor-widget-divider\" data-id=\"ad47f4d\" data-element_type=\"widget\" data-widget_type=\"divider.default\">\n\t\t\t\t<div class=\"elementor-widget-container\">\n\t\t\t\t\t\t\t<div class=\"elementor-divider\">\n\t\t\t<span class=\"elementor-divider-separator\">\n\t\t\t\t\t\t<\/span>\n\t\t<\/div>\n\t\t\t\t\t\t<\/div>\n\t\t\t\t<\/div>\n\t\t\t\t\t<\/div>\n\t\t\t\t<\/div>\n\t\t<div class=\"elementor-element elementor-element-ff84222 e-flex e-con-boxed e-con e-parent\" data-id=\"ff84222\" data-element_type=\"container\" data-settings=\"{&quot;background_background&quot;:&quot;classic&quot;}\">\n\t\t\t\t\t<div class=\"e-con-inner\">\n\t\t\t\t<div class=\"elementor-element elementor-element-71c8f51 elementor-widget elementor-widget-spacer\" data-id=\"71c8f51\" data-element_type=\"widget\" data-widget_type=\"spacer.default\">\n\t\t\t\t<div class=\"elementor-widget-container\">\n\t\t\t\t\t\t\t<div class=\"elementor-spacer\">\n\t\t\t<div class=\"elementor-spacer-inner\"><\/div>\n\t\t<\/div>\n\t\t\t\t\t\t<\/div>\n\t\t\t\t<\/div>\n\t\t\t\t<div class=\"elementor-element elementor-element-9678c07 elementor-widget elementor-widget-text-editor\" data-id=\"9678c07\" data-element_type=\"widget\" data-widget_type=\"text-editor.default\">\n\t\t\t\t<div class=\"elementor-widget-container\">\n\t\t\t\t\t\t\t\t\t<ul><li style=\"font-weight: 400;\" aria-level=\"1\"><span style=\"font-weight: 400;\">Representation in all types of proceedings before administrative authorities.<\/span><\/li><li style=\"font-weight: 400;\" aria-level=\"1\"><span style=\"font-weight: 400;\">Initiation of administrative litigation.<\/span><\/li><li aria-level=\"1\">Representation in family law, inheritance law, and labor law matters, as well as in personal data protection.<\/li><li style=\"font-weight: 400;\" aria-level=\"1\"><span style=\"font-weight: 400;\">Legal advice in the field of labor law.<\/span><\/li><li style=\"font-weight: 400;\" aria-level=\"1\"><span style=\"font-weight: 400;\">Drafting employment contracts, managerial agreements, as well as policies and other general acts regulating labor relations.<\/span><\/li><li style=\"font-weight: 400;\" aria-level=\"1\"><span style=\"font-weight: 400;\">Legal advice and representation of employees and employers in labor disputes (lawfulness of dismissal, judicial termination of employment contracts, and enforcement of employment rights).<\/span><\/li><li style=\"font-weight: 400;\" aria-level=\"1\"><span style=\"font-weight: 400;\">Representation of trade unions and employers' associations.<\/span><\/li><li style=\"font-weight: 400;\" aria-level=\"1\"><span style=\"font-weight: 400;\">Drafting wills and inheritance contracts.<\/span><\/li><li style=\"font-weight: 400;\" aria-level=\"1\"><span style=\"font-weight: 400;\">Legal advice and representation in litigation at all stages of the proceedings.<\/span><\/li><\/ul>\t\t\t\t\t\t\t\t<\/div>\n\t\t\t\t<\/div>\n\t\t\t\t\t<\/div>\n\t\t\t\t<\/div>\n\t\t<div class=\"elementor-element elementor-element-3324a86 e-flex e-con-boxed e-con e-parent\" data-id=\"3324a86\" data-element_type=\"container\">\n\t\t\t\t\t<div class=\"e-con-inner\">\n\t\t<div class=\"elementor-element elementor-element-617a81a e-con-full e-flex e-con e-child\" data-id=\"617a81a\" data-element_type=\"container\">\n\t\t<div class=\"elementor-element elementor-element-ddad831 e-con-full e-flex e-con e-child\" data-id=\"ddad831\" data-element_type=\"container\">\n\t\t\t\t<div class=\"elementor-element elementor-element-3f17370 elementor-widget-divider--view-line elementor-widget elementor-widget-divider\" data-id=\"3f17370\" data-element_type=\"widget\" data-widget_type=\"divider.default\">\n\t\t\t\t<div class=\"elementor-widget-container\">\n\t\t\t\t\t\t\t<div class=\"elementor-divider\">\n\t\t\t<span class=\"elementor-divider-separator\">\n\t\t\t\t\t\t<\/span>\n\t\t<\/div>\n\t\t\t\t\t\t<\/div>\n\t\t\t\t<\/div>\n\t\t<div class=\"elementor-element elementor-element-6fad591 e-con-full e-flex e-con e-child\" data-id=\"6fad591\" data-element_type=\"container\">\n\t\t\t\t<div class=\"elementor-element elementor-element-5ed9cc1 elementor-widget elementor-widget-hfe-infocard\" data-id=\"5ed9cc1\" data-element_type=\"widget\" data-widget_type=\"hfe-infocard.default\">\n\t\t\t\t<div class=\"elementor-widget-container\">\n\t\t\t\t\t\n\t\t<div class=\"hfe-infocard\">\n\t\t\t\t\t\t\t\t\t<div class=\"hfe-infocard-text-wrap\">\n\t\t\t\t<div class=\"hfe-infocard-text elementor-inline-editing\" data-elementor-setting-key=\"infocard_description\" data-elementor-inline-editing-toolbar=\"advanced\">\n\t\t\t\t\tDo you need legal assistance or consultation? Contact us with confidence!\t\t\t\t<\/div>\n\t\t\t\t\t\t\t<div class=\"hfe-button-wrapper elementor-widget-button\">\n\t\t\t\t<a href=\"https:\/\/trbuljaklaw.hr\/en\/contact\/\" class=\"elementor-button-link elementor-button elementor-size-sm\">\n\t\t\t\t\t<span class=\"elementor-button-text elementor-inline-editing\"  data-elementor-setting-key=\"infocard_button_text\" data-elementor-inline-editing-toolbar=\"none\">CONTACT US<\/span>\n\t\t\t\t<\/a>\n\t\t\t<\/div>\n\t\t\t\t\t\t<\/div>\n\t\t<\/div>\n\n\t\t\t\t\t\t<\/div>\n\t\t\t\t<\/div>\n\t\t\t\t<\/div>\n\t\t\t\t<\/div>\n\t\t\t\t<\/div>\n\t\t\t\t\t<\/div>\n\t\t\t\t<\/div>\n\t\t<div class=\"elementor-element elementor-element-fc0aaa1 e-flex e-con-boxed e-con e-parent\" data-id=\"fc0aaa1\" data-element_type=\"container\">\n\t\t\t\t\t<div class=\"e-con-inner\">\n\t\t\t\t<div class=\"elementor-element elementor-element-2ed4f2e elementor-widget-divider--view-line elementor-widget elementor-widget-divider\" data-id=\"2ed4f2e\" data-element_type=\"widget\" data-widget_type=\"divider.default\">\n\t\t\t\t<div class=\"elementor-widget-container\">\n\t\t\t\t\t\t\t<div class=\"elementor-divider\">\n\t\t\t<span class=\"elementor-divider-separator\">\n\t\t\t\t\t\t<\/span>\n\t\t<\/div>\n\t\t\t\t\t\t<\/div>\n\t\t\t\t<\/div>\n\t\t\t\t\t<\/div>\n\t\t\t\t<\/div>\n\t\t\t\t<\/div>","protected":false},"excerpt":{"rendered":"<p>Radno, upravno i nasljedno pravo zastupanje u svim vrstama postupaka pred upravnim tijelima pokretanje upravnih sporova zastupanje u obiteljskom, nasljednom i radnom pravu te za\u0161titi osobnih podataka pravno savjetovanje iz podru\u010dja radnog prava izrada ugovora o radu, menad\u017eerskih ugovora te pravilnika i drugih op\u0107ih akata koji reguliraju radnopravne odnose pravno savjetovanje i zastupanje radnika i [&hellip;]<\/p>","protected":false},"author":1,"featured_media":0,"parent":0,"menu_order":0,"comment_status":"closed","ping_status":"closed","template":"","meta":{"site-sidebar-layout":"no-sidebar","site-content-layout":"page-builder","ast-site-content-layout":"full-width-container","site-content-style":"default","site-sidebar-style":"default","ast-global-header-display":"","ast-banner-title-visibility":"","ast-main-header-display":"","ast-hfb-above-header-display":"","ast-hfb-below-header-display":"","ast-hfb-mobile-header-display":"","site-post-title":"disabled","ast-breadcrumbs-content":"","ast-featured-img":"disabled","footer-sml-layout":"","theme-transparent-header-meta":"","adv-header-id-meta":"","stick-header-meta":"","header-above-stick-meta":"","header-main-stick-meta":"","header-below-stick-meta":"","astra-migrate-meta-layouts":"set","ast-page-background-enabled":"default","ast-page-background-meta":{"desktop":{"background-color":"var(--ast-global-color-4)","background-image":"","background-repeat":"repeat","background-position":"center center","background-size":"auto","background-attachment":"scroll","background-type":"","background-media":"","overlay-type":"","overlay-color":"","overlay-opacity":"","overlay-gradient":""},"tablet":{"background-color":"","background-image":"","background-repeat":"repeat","background-position":"center center","background-size":"auto","background-attachment":"scroll","background-type":"","background-media":"","overlay-type":"","overlay-color":"","overlay-opacity":"","overlay-gradient":""},"mobile":{"background-color":"","background-image":"","background-repeat":"repeat","background-position":"center center","background-size":"auto","background-attachment":"scroll","background-type":"","background-media":"","overlay-type":"","overlay-color":"","overlay-opacity":"","overlay-gradient":""}},"ast-content-background-meta":{"desktop":{"background-color":"var(--ast-global-color-5)","background-image":"","background-repeat":"repeat","background-position":"center center","background-size":"auto","background-attachment":"scroll","background-type":"","background-media":"","overlay-type":"","overlay-color":"","overlay-opacity":"","overlay-gradient":""},"tablet":{"background-color":"var(--ast-global-color-5)","background-image":"","background-repeat":"repeat","background-position":"center center","background-size":"auto","background-attachment":"scroll","background-type":"","background-media":"","overlay-type":"","overlay-color":"","overlay-opacity":"","overlay-gradient":""},"mobile":{"background-color":"var(--ast-global-color-5)","background-image":"","background-repeat":"repeat","background-position":"center center","background-size":"auto","background-attachment":"scroll","background-type":"","background-media":"","overlay-type":"","overlay-color":"","overlay-opacity":"","overlay-gradient":""}},"footnotes":""},"class_list":["post-1963","page","type-page","status-publish","hentry"],"_links":{"self":[{"href":"https:\/\/trbuljaklaw.hr\/en\/wp-json\/wp\/v2\/pages\/1963","targetHints":{"allow":["GET"]}}],"collection":[{"href":"https:\/\/trbuljaklaw.hr\/en\/wp-json\/wp\/v2\/pages"}],"about":[{"href":"https:\/\/trbuljaklaw.hr\/en\/wp-json\/wp\/v2\/types\/page"}],"author":[{"embeddable":true,"href":"https:\/\/trbuljaklaw.hr\/en\/wp-json\/wp\/v2\/users\/1"}],"replies":[{"embeddable":true,"href":"https:\/\/trbuljaklaw.hr\/en\/wp-json\/wp\/v2\/comments?post=1963"}],"version-history":[{"count":61,"href":"https:\/\/trbuljaklaw.hr\/en\/wp-json\/wp\/v2\/pages\/1963\/revisions"}],"predecessor-version":[{"id":4225,"href":"https:\/\/trbuljaklaw.hr\/en\/wp-json\/wp\/v2\/pages\/1963\/revisions\/4225"}],"wp:attachment":[{"href":"https:\/\/trbuljaklaw.hr\/en\/wp-json\/wp\/v2\/media?parent=1963"}],"curies":[{"name":"wp","href":"https:\/\/api.w.org\/{rel}","templated":true}]}}