{"id":1953,"date":"2025-08-30T13:32:53","date_gmt":"2025-08-30T13:32:53","guid":{"rendered":"https:\/\/trbuljaklaw.hr\/?page_id=1953"},"modified":"2025-11-26T20:42:53","modified_gmt":"2025-11-26T20:42:53","slug":"zastita-intelektualnog-vlasnistva-i-trzisnog-natjecanja","status":"publish","type":"page","link":"https:\/\/trbuljaklaw.hr\/en\/zastita-intelektualnog-vlasnistva-i-trzisnog-natjecanja\/","title":{"rendered":"Protection of intellectual property and market competition"},"content":{"rendered":"<div data-elementor-type=\"wp-page\" data-elementor-id=\"1953\" class=\"elementor elementor-1953\">\n\t\t\t\t<div class=\"elementor-element elementor-element-96919f4 e-flex e-con-boxed e-con e-parent\" data-id=\"96919f4\" data-element_type=\"container\">\n\t\t\t\t\t<div class=\"e-con-inner\">\n\t\t\t\t<div class=\"elementor-element elementor-element-675a501 elementor-widget elementor-widget-heading\" data-id=\"675a501\" data-element_type=\"widget\" data-widget_type=\"heading.default\">\n\t\t\t\t<div class=\"elementor-widget-container\">\n\t\t\t\t\t<h2 class=\"elementor-heading-title elementor-size-default\">Protection of intellectual property and market competition<\/h2>\t\t\t\t<\/div>\n\t\t\t\t<\/div>\n\t\t\t\t<div class=\"elementor-element elementor-element-c515ba2 elementor-widget-divider--view-line elementor-widget elementor-widget-divider\" data-id=\"c515ba2\" data-element_type=\"widget\" data-widget_type=\"divider.default\">\n\t\t\t\t<div class=\"elementor-widget-container\">\n\t\t\t\t\t\t\t<div class=\"elementor-divider\">\n\t\t\t<span class=\"elementor-divider-separator\">\n\t\t\t\t\t\t<\/span>\n\t\t<\/div>\n\t\t\t\t\t\t<\/div>\n\t\t\t\t<\/div>\n\t\t\t\t\t<\/div>\n\t\t\t\t<\/div>\n\t\t<div class=\"elementor-element elementor-element-e7df6be e-flex e-con-boxed e-con e-parent\" data-id=\"e7df6be\" data-element_type=\"container\" data-settings=\"{&quot;background_background&quot;:&quot;classic&quot;}\">\n\t\t\t\t\t<div class=\"e-con-inner\">\n\t\t\t\t<div class=\"elementor-element elementor-element-ea1692e elementor-widget elementor-widget-spacer\" data-id=\"ea1692e\" data-element_type=\"widget\" data-widget_type=\"spacer.default\">\n\t\t\t\t<div class=\"elementor-widget-container\">\n\t\t\t\t\t\t\t<div class=\"elementor-spacer\">\n\t\t\t<div class=\"elementor-spacer-inner\"><\/div>\n\t\t<\/div>\n\t\t\t\t\t\t<\/div>\n\t\t\t\t<\/div>\n\t\t\t\t<div class=\"elementor-element elementor-element-80029fe elementor-widget elementor-widget-text-editor\" data-id=\"80029fe\" data-element_type=\"widget\" data-widget_type=\"text-editor.default\">\n\t\t\t\t<div class=\"elementor-widget-container\">\n\t\t\t\t\t\t\t\t\t<ul><li style=\"font-weight: 400;\" aria-level=\"1\"><span style=\"font-weight: 400;\">Registration and maintenance of patents in the Republic of Croatia and abroad.<\/span><\/li><li style=\"font-weight: 400;\" aria-level=\"1\"><span style=\"font-weight: 400;\">Registration, maintenance, and renewal of trademarks in the Republic of Croatia and abroad.<\/span><\/li><li style=\"font-weight: 400;\" aria-level=\"1\"><span style=\"font-weight: 400;\">Legistration, maintenance, and renewal of industrial designs in the Republic of Croatia and abroad.<\/span><\/li><li style=\"font-weight: 400;\" aria-level=\"1\"><span style=\"font-weight: 400;\">Intellectual property database search services (patents, trademarks, and industrial designs) in the Republic of Croatia and abroad, as well as legal advice on registration possibilities.<\/span><\/li><li style=\"font-weight: 400;\" aria-level=\"1\"><span style=\"font-weight: 400;\">Legal advice and representation in the field of copyright and related rights.<\/span><\/li><li style=\"font-weight: 400;\" aria-level=\"1\"><span style=\"font-weight: 400;\">Judicial protection of intellectual property rights.<\/span><\/li><li style=\"font-weight: 400;\" aria-level=\"1\"><span style=\"font-weight: 400;\">Drafting license agreements and other contracts in the field of intellectual property law.<\/span><\/li><li style=\"font-weight: 400;\" aria-level=\"1\"><span style=\"font-weight: 400;\">Legal advice and representation in proceedings before the Croatian Competition Agency.<\/span><\/li><li style=\"font-weight: 400;\" aria-level=\"1\"><span style=\"font-weight: 400;\">Interpretation and legal advice regarding agreements between entrepreneurs.\u00a0<\/span><\/li><li style=\"font-weight: 400;\" aria-level=\"1\"><span style=\"font-weight: 400;\">Legal opinions on the lawfulness of corporate concentrations.<\/span><\/li><\/ul>\t\t\t\t\t\t\t\t<\/div>\n\t\t\t\t<\/div>\n\t\t\t\t\t<\/div>\n\t\t\t\t<\/div>\n\t\t<div class=\"elementor-element elementor-element-9b6f427 e-flex e-con-boxed e-con e-parent\" data-id=\"9b6f427\" data-element_type=\"container\">\n\t\t\t\t\t<div class=\"e-con-inner\">\n\t\t<div class=\"elementor-element elementor-element-617f575 e-con-full e-flex e-con e-child\" data-id=\"617f575\" data-element_type=\"container\">\n\t\t<div class=\"elementor-element elementor-element-10ecc9d e-con-full e-flex e-con e-child\" data-id=\"10ecc9d\" data-element_type=\"container\">\n\t\t\t\t<div class=\"elementor-element elementor-element-9598a7c elementor-widget-divider--view-line elementor-widget elementor-widget-divider\" data-id=\"9598a7c\" data-element_type=\"widget\" data-widget_type=\"divider.default\">\n\t\t\t\t<div class=\"elementor-widget-container\">\n\t\t\t\t\t\t\t<div class=\"elementor-divider\">\n\t\t\t<span class=\"elementor-divider-separator\">\n\t\t\t\t\t\t<\/span>\n\t\t<\/div>\n\t\t\t\t\t\t<\/div>\n\t\t\t\t<\/div>\n\t\t<div class=\"elementor-element elementor-element-d935b8b e-con-full e-flex e-con e-child\" data-id=\"d935b8b\" data-element_type=\"container\">\n\t\t\t\t<div class=\"elementor-element elementor-element-9b14dfa elementor-widget elementor-widget-hfe-infocard\" data-id=\"9b14dfa\" data-element_type=\"widget\" data-widget_type=\"hfe-infocard.default\">\n\t\t\t\t<div class=\"elementor-widget-container\">\n\t\t\t\t\t\n\t\t<div class=\"hfe-infocard\">\n\t\t\t\t\t\t\t\t\t<div class=\"hfe-infocard-text-wrap\">\n\t\t\t\t<div class=\"hfe-infocard-text elementor-inline-editing\" data-elementor-setting-key=\"infocard_description\" data-elementor-inline-editing-toolbar=\"advanced\">\n\t\t\t\t\tDo you need legal assistance or consultation? Contact us with confidence!\t\t\t\t<\/div>\n\t\t\t\t\t\t\t<div class=\"hfe-button-wrapper elementor-widget-button\">\n\t\t\t\t<a href=\"https:\/\/trbuljaklaw.hr\/en\/contact\/\" class=\"elementor-button-link elementor-button elementor-size-sm\">\n\t\t\t\t\t<span class=\"elementor-button-text elementor-inline-editing\"  data-elementor-setting-key=\"infocard_button_text\" data-elementor-inline-editing-toolbar=\"none\">CONTACT US<\/span>\n\t\t\t\t<\/a>\n\t\t\t<\/div>\n\t\t\t\t\t\t<\/div>\n\t\t<\/div>\n\n\t\t\t\t\t\t<\/div>\n\t\t\t\t<\/div>\n\t\t\t\t<\/div>\n\t\t\t\t<\/div>\n\t\t\t\t<\/div>\n\t\t\t\t\t<\/div>\n\t\t\t\t<\/div>\n\t\t<div class=\"elementor-element elementor-element-e047f35 e-flex e-con-boxed e-con e-parent\" data-id=\"e047f35\" data-element_type=\"container\">\n\t\t\t\t\t<div class=\"e-con-inner\">\n\t\t\t\t<div class=\"elementor-element elementor-element-3553ec4 elementor-widget-divider--view-line elementor-widget elementor-widget-divider\" data-id=\"3553ec4\" data-element_type=\"widget\" data-widget_type=\"divider.default\">\n\t\t\t\t<div class=\"elementor-widget-container\">\n\t\t\t\t\t\t\t<div class=\"elementor-divider\">\n\t\t\t<span class=\"elementor-divider-separator\">\n\t\t\t\t\t\t<\/span>\n\t\t<\/div>\n\t\t\t\t\t\t<\/div>\n\t\t\t\t<\/div>\n\t\t\t\t\t<\/div>\n\t\t\t\t<\/div>\n\t\t\t\t<\/div>","protected":false},"excerpt":{"rendered":"<p>Za\u0161tita intelektualnog vlasni\u0161tva i tr\u017ei\u0161nog natjecanja registracija i odr\u017eavanje patenata u Republici Hrvatskoj i inozemstvu registracija, odr\u017eavanje i produ\u017eenje \u017eigova u Republici Hrvatskoj i inozemstvu registracija, odr\u017eavanje i produ\u017eenje industrijskog dizajna u Republici Hrvatskoj i inozemstvu usluge pretra\u017eivanja baza podataka industrijskog vlasni\u0161tva (patenata, \u017eigova i industrijskog dizajna) u Republici Hrvatskoj i inozemstvu te pravno savjetovanje [&hellip;]<\/p>","protected":false},"author":1,"featured_media":0,"parent":0,"menu_order":0,"comment_status":"closed","ping_status":"closed","template":"","meta":{"site-sidebar-layout":"no-sidebar","site-content-layout":"page-builder","ast-site-content-layout":"full-width-container","site-content-style":"default","site-sidebar-style":"default","ast-global-header-display":"","ast-banner-title-visibility":"","ast-main-header-display":"","ast-hfb-above-header-display":"","ast-hfb-below-header-display":"","ast-hfb-mobile-header-display":"","site-post-title":"disabled","ast-breadcrumbs-content":"","ast-featured-img":"disabled","footer-sml-layout":"","theme-transparent-header-meta":"","adv-header-id-meta":"","stick-header-meta":"","header-above-stick-meta":"","header-main-stick-meta":"","header-below-stick-meta":"","astra-migrate-meta-layouts":"set","ast-page-background-enabled":"default","ast-page-background-meta":{"desktop":{"background-color":"var(--ast-global-color-4)","background-image":"","background-repeat":"repeat","background-position":"center center","background-size":"auto","background-attachment":"scroll","background-type":"","background-media":"","overlay-type":"","overlay-color":"","overlay-opacity":"","overlay-gradient":""},"tablet":{"background-color":"","background-image":"","background-repeat":"repeat","background-position":"center center","background-size":"auto","background-attachment":"scroll","background-type":"","background-media":"","overlay-type":"","overlay-color":"","overlay-opacity":"","overlay-gradient":""},"mobile":{"background-color":"","background-image":"","background-repeat":"repeat","background-position":"center center","background-size":"auto","background-attachment":"scroll","background-type":"","background-media":"","overlay-type":"","overlay-color":"","overlay-opacity":"","overlay-gradient":""}},"ast-content-background-meta":{"desktop":{"background-color":"var(--ast-global-color-5)","background-image":"","background-repeat":"repeat","background-position":"center center","background-size":"auto","background-attachment":"scroll","background-type":"","background-media":"","overlay-type":"","overlay-color":"","overlay-opacity":"","overlay-gradient":""},"tablet":{"background-color":"var(--ast-global-color-5)","background-image":"","background-repeat":"repeat","background-position":"center center","background-size":"auto","background-attachment":"scroll","background-type":"","background-media":"","overlay-type":"","overlay-color":"","overlay-opacity":"","overlay-gradient":""},"mobile":{"background-color":"var(--ast-global-color-5)","background-image":"","background-repeat":"repeat","background-position":"center center","background-size":"auto","background-attachment":"scroll","background-type":"","background-media":"","overlay-type":"","overlay-color":"","overlay-opacity":"","overlay-gradient":""}},"footnotes":""},"class_list":["post-1953","page","type-page","status-publish","hentry"],"_links":{"self":[{"href":"https:\/\/trbuljaklaw.hr\/en\/wp-json\/wp\/v2\/pages\/1953","targetHints":{"allow":["GET"]}}],"collection":[{"href":"https:\/\/trbuljaklaw.hr\/en\/wp-json\/wp\/v2\/pages"}],"about":[{"href":"https:\/\/trbuljaklaw.hr\/en\/wp-json\/wp\/v2\/types\/page"}],"author":[{"embeddable":true,"href":"https:\/\/trbuljaklaw.hr\/en\/wp-json\/wp\/v2\/users\/1"}],"replies":[{"embeddable":true,"href":"https:\/\/trbuljaklaw.hr\/en\/wp-json\/wp\/v2\/comments?post=1953"}],"version-history":[{"count":61,"href":"https:\/\/trbuljaklaw.hr\/en\/wp-json\/wp\/v2\/pages\/1953\/revisions"}],"predecessor-version":[{"id":4061,"href":"https:\/\/trbuljaklaw.hr\/en\/wp-json\/wp\/v2\/pages\/1953\/revisions\/4061"}],"wp:attachment":[{"href":"https:\/\/trbuljaklaw.hr\/en\/wp-json\/wp\/v2\/media?parent=1953"}],"curies":[{"name":"wp","href":"https:\/\/api.w.org\/{rel}","templated":true}]}}