{"id":1710,"date":"2025-08-27T20:24:58","date_gmt":"2025-08-27T20:24:58","guid":{"rendered":"https:\/\/trbuljaklaw.hr\/about"},"modified":"2026-01-28T21:30:40","modified_gmt":"2026-01-28T21:30:40","slug":"about","status":"publish","type":"page","link":"https:\/\/trbuljaklaw.hr\/en\/about\/","title":{"rendered":"About us"},"content":{"rendered":"<div data-elementor-type=\"wp-page\" data-elementor-id=\"1710\" class=\"elementor elementor-1710\">\n\t\t\t\t<div class=\"elementor-element elementor-element-dd7a54e e-con-full e-flex e-con e-parent\" data-id=\"dd7a54e\" data-element_type=\"container\" data-settings=\"{&quot;background_background&quot;:&quot;slideshow&quot;,&quot;background_slideshow_gallery&quot;:[{&quot;id&quot;:2708,&quot;url&quot;:&quot;https:\\\/\\\/trbuljaklaw.hr\\\/wp-content\\\/uploads\\\/2025\\\/10\\\/MG_6111-scaled.jpg&quot;},{&quot;id&quot;:2740,&quot;url&quot;:&quot;https:\\\/\\\/trbuljaklaw.hr\\\/wp-content\\\/uploads\\\/2025\\\/10\\\/MG_6089-scaled.jpg&quot;},{&quot;id&quot;:3156,&quot;url&quot;:&quot;https:\\\/\\\/trbuljaklaw.hr\\\/wp-content\\\/uploads\\\/2025\\\/11\\\/9.ured_-scaled.jpg&quot;},{&quot;id&quot;:2711,&quot;url&quot;:&quot;https:\\\/\\\/trbuljaklaw.hr\\\/wp-content\\\/uploads\\\/2025\\\/10\\\/teras9-scaled.jpg&quot;}],&quot;background_slideshow_slide_duration&quot;:10000,&quot;background_slideshow_loop&quot;:&quot;yes&quot;,&quot;background_slideshow_slide_transition&quot;:&quot;fade&quot;,&quot;background_slideshow_transition_duration&quot;:500}\">\n\t\t\t\t<\/div>\n\t\t<div class=\"elementor-element elementor-element-bef3a8e e-flex e-con-boxed e-con e-parent\" data-id=\"bef3a8e\" data-element_type=\"container\">\n\t\t\t\t\t<div class=\"e-con-inner\">\n\t\t<div class=\"elementor-element elementor-element-a8f4434 e-con-full e-flex e-con e-child\" data-id=\"a8f4434\" data-element_type=\"container\">\n\t\t\t\t<div class=\"elementor-element elementor-element-c66d236 elementor-widget elementor-widget-heading\" data-id=\"c66d236\" data-element_type=\"widget\" data-widget_type=\"heading.default\">\n\t\t\t\t<div class=\"elementor-widget-container\">\n\t\t\t\t\t<h2 class=\"elementor-heading-title elementor-size-default\">Law firm Trbuljak<\/h2>\t\t\t\t<\/div>\n\t\t\t\t<\/div>\n\t\t\t\t<\/div>\n\t\t\t\t<div class=\"elementor-element elementor-element-13340bf elementor-widget-divider--view-line elementor-widget elementor-widget-divider\" data-id=\"13340bf\" data-element_type=\"widget\" data-widget_type=\"divider.default\">\n\t\t\t\t<div class=\"elementor-widget-container\">\n\t\t\t\t\t\t\t<div class=\"elementor-divider\">\n\t\t\t<span class=\"elementor-divider-separator\">\n\t\t\t\t\t\t<\/span>\n\t\t<\/div>\n\t\t\t\t\t\t<\/div>\n\t\t\t\t<\/div>\n\t\t\t\t\t<\/div>\n\t\t\t\t<\/div>\n\t\t<div class=\"elementor-element elementor-element-e105982 e-flex e-con-boxed e-con e-parent\" data-id=\"e105982\" data-element_type=\"container\" data-settings=\"{&quot;background_background&quot;:&quot;classic&quot;}\">\n\t\t\t\t\t<div class=\"e-con-inner\">\n\t\t<div class=\"elementor-element elementor-element-ebcadd8 e-con-full e-flex e-con e-child\" data-id=\"ebcadd8\" data-element_type=\"container\" data-settings=\"{&quot;background_background&quot;:&quot;slideshow&quot;,&quot;background_slideshow_gallery&quot;:[],&quot;background_slideshow_loop&quot;:&quot;yes&quot;,&quot;background_slideshow_slide_duration&quot;:5000,&quot;background_slideshow_slide_transition&quot;:&quot;fade&quot;,&quot;background_slideshow_transition_duration&quot;:500}\">\n\t\t\t\t<div class=\"elementor-element elementor-element-7d2046f elementor-widget elementor-widget-image\" data-id=\"7d2046f\" data-element_type=\"widget\" data-widget_type=\"image.default\">\n\t\t\t\t<div class=\"elementor-widget-container\">\n\t\t\t\t\t\t\t\t\t\t\t\t\t\t\t<img fetchpriority=\"high\" decoding=\"async\" width=\"1971\" height=\"2560\" src=\"https:\/\/trbuljaklaw.hr\/wp-content\/uploads\/2025\/10\/Dizajn-bez-naslova12-scaled.png\" class=\"attachment-full size-full wp-image-2596\" alt=\"dizajn bez naslova(12)\" srcset=\"https:\/\/trbuljaklaw.hr\/wp-content\/uploads\/2025\/10\/Dizajn-bez-naslova12-scaled.png 1971w, https:\/\/trbuljaklaw.hr\/wp-content\/uploads\/2025\/10\/Dizajn-bez-naslova12-231x300.png 231w, https:\/\/trbuljaklaw.hr\/wp-content\/uploads\/2025\/10\/Dizajn-bez-naslova12-789x1024.png 789w, https:\/\/trbuljaklaw.hr\/wp-content\/uploads\/2025\/10\/Dizajn-bez-naslova12-768x997.png 768w, https:\/\/trbuljaklaw.hr\/wp-content\/uploads\/2025\/10\/Dizajn-bez-naslova12-1183x1536.png 1183w, https:\/\/trbuljaklaw.hr\/wp-content\/uploads\/2025\/10\/Dizajn-bez-naslova12-1577x2048.png 1577w\" sizes=\"(max-width: 1971px) 100vw, 1971px\" title=\"About us\">\t\t\t\t\t\t\t\t\t\t\t\t\t\t\t<\/div>\n\t\t\t\t<\/div>\n\t\t<div class=\"elementor-element elementor-element-1a20465 e-flex e-con-boxed e-con e-child\" data-id=\"1a20465\" data-element_type=\"container\">\n\t\t\t\t\t<div class=\"e-con-inner\">\n\t\t\t\t<div class=\"elementor-element elementor-element-c5f49d1 elementor-widget elementor-widget-text-editor\" data-id=\"c5f49d1\" data-element_type=\"widget\" data-widget_type=\"text-editor.default\">\n\t\t\t\t<div class=\"elementor-widget-container\">\n\t\t\t\t\t\t\t\t\t<p>Education<span style=\"color: #808080;\">:<\/span><\/p><p>Faculty of Law, University of Zagreb, Master of Laws (LL.M.)<\/p><p>Faculty of Law, Complutense University of Madrid (Erasmus Program)<\/p><p style=\"text-align: left;\">Judicial exam<\/p>\t\t\t\t\t\t\t\t<\/div>\n\t\t\t\t<\/div>\n\t\t\t\t\t<\/div>\n\t\t\t\t<\/div>\n\t\t\t\t<\/div>\n\t\t<div class=\"elementor-element elementor-element-b8a782e e-flex e-con-boxed e-con e-child\" data-id=\"b8a782e\" data-element_type=\"container\" data-settings=\"{&quot;background_background&quot;:&quot;classic&quot;}\">\n\t\t\t\t\t<div class=\"e-con-inner\">\n\t\t\t\t<div class=\"elementor-element elementor-element-a7608a0 elementor-widget elementor-widget-text-editor\" data-id=\"a7608a0\" data-element_type=\"widget\" data-widget_type=\"text-editor.default\">\n\t\t\t\t<div class=\"elementor-widget-container\">\n\t\t\t\t\t\t\t\t\t<p>Attorney Toma Trbuljak provides comprehensive legal support and advisory services across a broad range of business activities, tailored to the specific needs of clients in both day-to-day and strategic operations, including services in the areas of real estate law, inheritance law, commercial law, labor law, enforcement law, and damages and compensation law.<\/p><p>\u00a0<\/p><p>He represents clients in civil, commercial, and administrative proceedings before courts and administrative authorities. Through years of work on numerous sales transactions and legal matters related to the transfer, use, and management of real estate, he has gained significant experience in property law.<\/p><p>Also, he regularly advises individuals and legal entities in all stages of real estate transactions and other legal matters related to property, including obtaining permits, conducting legal due diligence, regulating property rights, and registering entries in the land registry.<\/p><p>\u00a0<\/p><p>He has served as counsel and coordinator of legal teams in litigation for leading Croatian banks, including civil and enforcement proceedings, as well as other legal matters in the field of banking and finance.<\/p><p>He is also a member of the Croatian Bar Association and is fluent in Croatian, English, and Spanish.<\/p><p style=\"text-align: left;\">\u00a0<\/p>\t\t\t\t\t\t\t\t<\/div>\n\t\t\t\t<\/div>\n\t\t\t\t\t<\/div>\n\t\t\t\t<\/div>\n\t\t\t\t\t<\/div>\n\t\t\t\t<\/div>\n\t\t<div class=\"elementor-element elementor-element-7b91651 e-flex e-con-boxed e-con e-parent\" data-id=\"7b91651\" data-element_type=\"container\">\n\t\t\t\t\t<div class=\"e-con-inner\">\n\t\t<div class=\"elementor-element elementor-element-3cfb214 e-con-full e-flex e-con e-child\" data-id=\"3cfb214\" data-element_type=\"container\" data-settings=\"{&quot;background_background&quot;:&quot;classic&quot;}\">\n\t\t\t\t<div class=\"elementor-element elementor-element-db1c993 elementor-widget elementor-widget-heading\" data-id=\"db1c993\" data-element_type=\"widget\" data-widget_type=\"heading.default\">\n\t\t\t\t<div class=\"elementor-widget-container\">\n\t\t\t\t\t<h2 class=\"elementor-heading-title elementor-size-default\">Our vision<\/h2>\t\t\t\t<\/div>\n\t\t\t\t<\/div>\n\t\t\t\t<div class=\"elementor-element elementor-element-14846be elementor-widget elementor-widget-text-editor\" data-id=\"14846be\" data-element_type=\"widget\" data-widget_type=\"text-editor.default\">\n\t\t\t\t<div class=\"elementor-widget-container\">\n\t\t\t\t\t\t\t\t\t<p>Our goal is to be a recognized and trusted partner in legal matters, both for individuals and business entities. We combine the traditional values of the profession with modern working methods, including digital tools, proactive advice, and a specialized approach.\u00a0\u00a0<\/p>\t\t\t\t\t\t\t\t<\/div>\n\t\t\t\t<\/div>\n\t\t\t\t<\/div>\n\t\t<div class=\"elementor-element elementor-element-57f0033 e-con-full e-flex e-con e-child\" data-id=\"57f0033\" data-element_type=\"container\" data-settings=\"{&quot;background_background&quot;:&quot;classic&quot;}\">\n\t\t\t\t<div class=\"elementor-element elementor-element-cdf6a11 elementor-widget elementor-widget-heading\" data-id=\"cdf6a11\" data-element_type=\"widget\" data-widget_type=\"heading.default\">\n\t\t\t\t<div class=\"elementor-widget-container\">\n\t\t\t\t\t<h2 class=\"elementor-heading-title elementor-size-default\">Our mission<\/h2>\t\t\t\t<\/div>\n\t\t\t\t<\/div>\n\t\t\t\t<div class=\"elementor-element elementor-element-9f4f020 elementor-widget elementor-widget-text-editor\" data-id=\"9f4f020\" data-element_type=\"widget\" data-widget_type=\"text-editor.default\">\n\t\t\t\t<div class=\"elementor-widget-container\">\n\t\t\t\t\t\t\t\t\t<p>Our mission is to provide legal services of the highest quality with full dedication to our clients' interests. We build relationships based on trust and transparency, adopting an individualized approach to each matter.\u00a0<\/p>\t\t\t\t\t\t\t\t<\/div>\n\t\t\t\t<\/div>\n\t\t\t\t<\/div>\n\t\t<div class=\"elementor-element elementor-element-6d8c747 e-con-full e-flex e-con e-child\" data-id=\"6d8c747\" data-element_type=\"container\" data-settings=\"{&quot;background_background&quot;:&quot;classic&quot;}\">\n\t\t\t\t<div class=\"elementor-element elementor-element-736f510 elementor-widget elementor-widget-heading\" data-id=\"736f510\" data-element_type=\"widget\" data-widget_type=\"heading.default\">\n\t\t\t\t<div class=\"elementor-widget-container\">\n\t\t\t\t\t<h2 class=\"elementor-heading-title elementor-size-default\">Core principals<\/h2>\t\t\t\t<\/div>\n\t\t\t\t<\/div>\n\t\t\t\t<div class=\"elementor-element elementor-element-068c643 elementor-widget elementor-widget-text-editor\" data-id=\"068c643\" data-element_type=\"widget\" data-widget_type=\"text-editor.default\">\n\t\t\t\t<div class=\"elementor-widget-container\">\n\t\t\t\t\t\t\t\t\t<p>Our work is founded on expertise, trust, and ethical conduct as core values in our daily practice. We continuously monitor legislative changes and current case law to provide our clients with effective and practical legal solutions.<\/p>\t\t\t\t\t\t\t\t<\/div>\n\t\t\t\t<\/div>\n\t\t\t\t<\/div>\n\t\t\t\t\t<\/div>\n\t\t\t\t<\/div>\n\t\t<div class=\"elementor-element elementor-element-09d2f41 e-flex e-con-boxed e-con e-parent\" data-id=\"09d2f41\" data-element_type=\"container\">\n\t\t\t\t\t<div class=\"e-con-inner\">\n\t\t<div class=\"elementor-element elementor-element-0e10428 e-con-full e-flex e-con e-child\" data-id=\"0e10428\" data-element_type=\"container\">\n\t\t<div class=\"elementor-element elementor-element-8a20798 e-con-full e-flex e-con e-child\" data-id=\"8a20798\" data-element_type=\"container\">\n\t\t\t\t<div class=\"elementor-element elementor-element-1fe5373 elementor-widget-divider--view-line elementor-widget elementor-widget-divider\" data-id=\"1fe5373\" data-element_type=\"widget\" data-widget_type=\"divider.default\">\n\t\t\t\t<div class=\"elementor-widget-container\">\n\t\t\t\t\t\t\t<div class=\"elementor-divider\">\n\t\t\t<span class=\"elementor-divider-separator\">\n\t\t\t\t\t\t<\/span>\n\t\t<\/div>\n\t\t\t\t\t\t<\/div>\n\t\t\t\t<\/div>\n\t\t<div class=\"elementor-element elementor-element-dcbd2e9 e-con-full e-flex e-con e-child\" data-id=\"dcbd2e9\" data-element_type=\"container\">\n\t\t\t\t<div class=\"elementor-element elementor-element-9b5ff6b elementor-widget elementor-widget-hfe-infocard\" data-id=\"9b5ff6b\" data-element_type=\"widget\" data-widget_type=\"hfe-infocard.default\">\n\t\t\t\t<div class=\"elementor-widget-container\">\n\t\t\t\t\t\n\t\t<div class=\"hfe-infocard\">\n\t\t\t\t\t\t\t\t\t<div class=\"hfe-infocard-text-wrap\">\n\t\t\t\t<div class=\"hfe-infocard-text elementor-inline-editing\" data-elementor-setting-key=\"infocard_description\" data-elementor-inline-editing-toolbar=\"advanced\">\n\t\t\t\t\tDo you need legal assistance or consultation? Contact us with confidence!\t\t\t\t<\/div>\n\t\t\t\t\t\t\t<div class=\"hfe-button-wrapper elementor-widget-button\">\n\t\t\t\t<a href=\"https:\/\/trbuljaklaw.hr\/en\/contact\/\" class=\"elementor-button-link elementor-button elementor-size-sm\">\n\t\t\t\t\t<span class=\"elementor-button-text elementor-inline-editing\"  data-elementor-setting-key=\"infocard_button_text\" data-elementor-inline-editing-toolbar=\"none\">CONTACT US<\/span>\n\t\t\t\t<\/a>\n\t\t\t<\/div>\n\t\t\t\t\t\t<\/div>\n\t\t<\/div>\n\n\t\t\t\t\t\t<\/div>\n\t\t\t\t<\/div>\n\t\t\t\t<\/div>\n\t\t\t\t<\/div>\n\t\t\t\t<\/div>\n\t\t\t\t\t<\/div>\n\t\t\t\t<\/div>\n\t\t<div class=\"elementor-element elementor-element-80dd646 e-flex e-con-boxed e-con e-parent\" data-id=\"80dd646\" data-element_type=\"container\">\n\t\t\t\t\t<div class=\"e-con-inner\">\n\t\t\t\t<div class=\"elementor-element elementor-element-17dfdaf elementor-widget-divider--view-line elementor-widget elementor-widget-divider\" data-id=\"17dfdaf\" data-element_type=\"widget\" data-widget_type=\"divider.default\">\n\t\t\t\t<div class=\"elementor-widget-container\">\n\t\t\t\t\t\t\t<div class=\"elementor-divider\">\n\t\t\t<span class=\"elementor-divider-separator\">\n\t\t\t\t\t\t<\/span>\n\t\t<\/div>\n\t\t\t\t\t\t<\/div>\n\t\t\t\t<\/div>\n\t\t\t\t\t<\/div>\n\t\t\t\t<\/div>\n\t\t\t\t<\/div>","protected":false},"excerpt":{"rendered":"<p>Odvjetni\u010dki ured Trbuljak Obrazovanje: Pravni fakultet Sveu\u010dili\u0161ta u Zagrebu, mag.iur. Pravni fakultet, Sveu\u010dili\u0161te Complutense Madrid (Erasmus) Pravosudni ispit Odvjetnik Toma Trbuljak pru\u017ea sveobuhvatnu pravnu podr\u0161ku i savjetovanje u \u0161irokom spektru poslovnih aktivnosti, prilago\u0111eno specifi\u010dnim potrebama klijenata u svakodnevnom i strate\u0161kom poslovanju, uklju\u010duju\u0107i usluge iz podru\u010dja nekretnina, nasljednog, trgova\u010dkog, radnog, ovr\u0161nog i od\u0161tetnog prava. \u00a0 Zastupa [&hellip;]<\/p>","protected":false},"author":1,"featured_media":0,"parent":0,"menu_order":0,"comment_status":"closed","ping_status":"closed","template":"","meta":{"site-sidebar-layout":"no-sidebar","site-content-layout":"page-builder","ast-site-content-layout":"full-width-container","site-content-style":"unboxed","site-sidebar-style":"unboxed","ast-global-header-display":"","ast-banner-title-visibility":"","ast-main-header-display":"","ast-hfb-above-header-display":"","ast-hfb-below-header-display":"","ast-hfb-mobile-header-display":"","site-post-title":"disabled","ast-breadcrumbs-content":"","ast-featured-img":"disabled","footer-sml-layout":"","theme-transparent-header-meta":"enabled","adv-header-id-meta":"","stick-header-meta":"","header-above-stick-meta":"","header-main-stick-meta":"","header-below-stick-meta":"","astra-migrate-meta-layouts":"set","ast-page-background-enabled":"default","ast-page-background-meta":{"desktop":{"background-color":"var(--ast-global-color-4)","background-image":"","background-repeat":"repeat","background-position":"center center","background-size":"auto","background-attachment":"scroll","background-type":"","background-media":"","overlay-type":"","overlay-color":"","overlay-opacity":"","overlay-gradient":""},"tablet":{"background-color":"","background-image":"","background-repeat":"repeat","background-position":"center center","background-size":"auto","background-attachment":"scroll","background-type":"","background-media":"","overlay-type":"","overlay-color":"","overlay-opacity":"","overlay-gradient":""},"mobile":{"background-color":"","background-image":"","background-repeat":"repeat","background-position":"center center","background-size":"auto","background-attachment":"scroll","background-type":"","background-media":"","overlay-type":"","overlay-color":"","overlay-opacity":"","overlay-gradient":""}},"ast-content-background-meta":{"desktop":{"background-color":"var(--ast-global-color-5)","background-image":"","background-repeat":"repeat","background-position":"center center","background-size":"auto","background-attachment":"scroll","background-type":"","background-media":"","overlay-type":"","overlay-color":"","overlay-opacity":"","overlay-gradient":""},"tablet":{"background-color":"var(--ast-global-color-5)","background-image":"","background-repeat":"repeat","background-position":"center center","background-size":"auto","background-attachment":"scroll","background-type":"","background-media":"","overlay-type":"","overlay-color":"","overlay-opacity":"","overlay-gradient":""},"mobile":{"background-color":"var(--ast-global-color-5)","background-image":"","background-repeat":"repeat","background-position":"center center","background-size":"auto","background-attachment":"scroll","background-type":"","background-media":"","overlay-type":"","overlay-color":"","overlay-opacity":"","overlay-gradient":""}},"footnotes":""},"class_list":["post-1710","page","type-page","status-publish","hentry"],"_links":{"self":[{"href":"https:\/\/trbuljaklaw.hr\/en\/wp-json\/wp\/v2\/pages\/1710","targetHints":{"allow":["GET"]}}],"collection":[{"href":"https:\/\/trbuljaklaw.hr\/en\/wp-json\/wp\/v2\/pages"}],"about":[{"href":"https:\/\/trbuljaklaw.hr\/en\/wp-json\/wp\/v2\/types\/page"}],"author":[{"embeddable":true,"href":"https:\/\/trbuljaklaw.hr\/en\/wp-json\/wp\/v2\/users\/1"}],"replies":[{"embeddable":true,"href":"https:\/\/trbuljaklaw.hr\/en\/wp-json\/wp\/v2\/comments?post=1710"}],"version-history":[{"count":339,"href":"https:\/\/trbuljaklaw.hr\/en\/wp-json\/wp\/v2\/pages\/1710\/revisions"}],"predecessor-version":[{"id":4216,"href":"https:\/\/trbuljaklaw.hr\/en\/wp-json\/wp\/v2\/pages\/1710\/revisions\/4216"}],"wp:attachment":[{"href":"https:\/\/trbuljaklaw.hr\/en\/wp-json\/wp\/v2\/media?parent=1710"}],"curies":[{"name":"wp","href":"https:\/\/api.w.org\/{rel}","templated":true}]}}